{"id":2,"date":"2017-05-09T17:36:35","date_gmt":"2017-05-09T15:36:35","guid":{"rendered":"http:\/\/uvdb31.active24.cz:15080\/wp\/wp472\/?page_id=2"},"modified":"2017-06-12T20:50:34","modified_gmt":"2017-06-12T18:50:34","slug":"zkusebni-stranka","status":"publish","type":"page","link":"https:\/\/www.schodykope.cz\/?page_id=2","title":{"rendered":"Cena"},"content":{"rendered":"<div style=\"text-align: left;\"><span style=\"font-size: 14pt;\">Cena nejde jednozna\u010dn\u011b ur\u010dit, proto\u017ee&nbsp;ka\u017ed\u00e9 schodi\u0161t\u011b je jedine\u010dn\u00e9.<\/span><br \/>\n<span style=\"font-size: 14pt;\"> A je z\u00e1visl\u00e1 na pou\u017eit\u00e9m materi\u00e1lu, konstruk\u010dn\u00ed slo\u017eitosti a dan\u00fdch rozm\u011br\u016f.<\/span><\/div>\n<div style=\"text-align: left;\"><span style=\"font-size: 14pt;\">Po dohod\u011b p\u0159ijedeme, zam\u011b\u0159\u00edme, zkonzultujeme proveden\u00ed&nbsp;dle Va\u0161ich p\u0159edstav&nbsp;s dan\u00fdmi konstruk\u010dn\u00edmi mo\u017enostmi a do t\u0159\u00ed dn\u016f za\u0161leme nacen\u011bn\u00ed zdarma.<\/span><\/div>\n","protected":false},"excerpt":{"rendered":"<p>Cena nejde jednozna\u010dn\u011b ur\u010dit, proto\u017ee&nbsp;ka\u017ed\u00e9 schodi\u0161t\u011b je jedine\u010dn\u00e9. A je z\u00e1visl\u00e1 na pou\u017eit\u00e9m materi\u00e1lu, konstruk\u010dn\u00ed slo\u017eitosti a dan\u00fdch rozm\u011br\u016f. Po dohod\u011b p\u0159ijedeme, zam\u011b\u0159\u00edme, zkonzultujeme proveden\u00ed&nbsp;dle Va\u0161ich p\u0159edstav&nbsp;s dan\u00fdmi konstruk\u010dn\u00edmi mo\u017enostmi a do t\u0159\u00ed dn\u016f za\u0161leme nacen\u011bn\u00ed zdarma.<\/p>\n","protected":false},"author":1,"featured_media":0,"parent":0,"menu_order":0,"comment_status":"closed","ping_status":"open","template":"","meta":{"ngg_post_thumbnail":0,"footnotes":""},"class_list":["post-2","page","type-page","status-publish","hentry"],"aioseo_notices":[],"_links":{"self":[{"href":"https:\/\/www.schodykope.cz\/index.php?rest_route=\/wp\/v2\/pages\/2","targetHints":{"allow":["GET"]}}],"collection":[{"href":"https:\/\/www.schodykope.cz\/index.php?rest_route=\/wp\/v2\/pages"}],"about":[{"href":"https:\/\/www.schodykope.cz\/index.php?rest_route=\/wp\/v2\/types\/page"}],"author":[{"embeddable":true,"href":"https:\/\/www.schodykope.cz\/index.php?rest_route=\/wp\/v2\/users\/1"}],"replies":[{"embeddable":true,"href":"https:\/\/www.schodykope.cz\/index.php?rest_route=%2Fwp%2Fv2%2Fcomments&post=2"}],"version-history":[{"count":5,"href":"https:\/\/www.schodykope.cz\/index.php?rest_route=\/wp\/v2\/pages\/2\/revisions"}],"predecessor-version":[{"id":265,"href":"https:\/\/www.schodykope.cz\/index.php?rest_route=\/wp\/v2\/pages\/2\/revisions\/265"}],"wp:attachment":[{"href":"https:\/\/www.schodykope.cz\/index.php?rest_route=%2Fwp%2Fv2%2Fmedia&parent=2"}],"curies":[{"name":"wp","href":"https:\/\/api.w.org\/{rel}","templated":true}]}}